{"id":2,"date":"2018-04-05T13:35:49","date_gmt":"2018-04-05T11:35:49","guid":{"rendered":"http:\/\/www.sablon-dauberton.com\/?page_id=2"},"modified":"2026-03-21T09:23:10","modified_gmt":"2026-03-21T08:23:10","slug":"page-d-exemple","status":"publish","type":"page","link":"https:\/\/www.sablon-dauberton.com\/","title":{"rendered":"Accueil"},"content":{"rendered":"\t\t<div data-elementor-type=\"wp-page\" data-elementor-id=\"2\" class=\"elementor elementor-2\">\n\t\t\t\t<div class=\"elementor-element elementor-element-3ffb490 e-flex e-con-boxed e-con e-parent\" data-id=\"3ffb490\" data-element_type=\"container\" data-e-type=\"container\">\n\t\t\t\t\t<div class=\"e-con-inner\">\n\t\t<div class=\"elementor-element elementor-element-c10babe e-con-full e-grid e-con e-child\" data-id=\"c10babe\" data-element_type=\"container\" data-e-type=\"container\">\n\t\t\t\t<div class=\"elementor-element elementor-element-58adebc elementor-widget elementor-widget-image\" data-id=\"58adebc\" data-element_type=\"widget\" data-e-type=\"widget\" data-widget_type=\"image.default\">\n\t\t\t\t\t\t\t\t\t\t\t\t\t\t\t<img fetchpriority=\"high\" decoding=\"async\" width=\"512\" height=\"512\" src=\"https:\/\/www.sablon-dauberton.com\/wp-content\/uploads\/2018\/04\/cropped-FSD_1.jpg\" class=\"attachment-large size-large wp-image-14\" alt=\"\" srcset=\"https:\/\/www.sablon-dauberton.com\/wp-content\/uploads\/2018\/04\/cropped-FSD_1.jpg 512w, https:\/\/www.sablon-dauberton.com\/wp-content\/uploads\/2018\/04\/cropped-FSD_1-150x150.jpg 150w, https:\/\/www.sablon-dauberton.com\/wp-content\/uploads\/2018\/04\/cropped-FSD_1-300x300.jpg 300w, https:\/\/www.sablon-dauberton.com\/wp-content\/uploads\/2018\/04\/cropped-FSD_1-270x270.jpg 270w, https:\/\/www.sablon-dauberton.com\/wp-content\/uploads\/2018\/04\/cropped-FSD_1-192x192.jpg 192w, https:\/\/www.sablon-dauberton.com\/wp-content\/uploads\/2018\/04\/cropped-FSD_1-180x180.jpg 180w, https:\/\/www.sablon-dauberton.com\/wp-content\/uploads\/2018\/04\/cropped-FSD_1-32x32.jpg 32w\" sizes=\"(max-width: 512px) 100vw, 512px\" \/>\t\t\t\t\t\t\t\t\t\t\t\t\t\t\t<\/div>\n\t\t\t\t<div class=\"elementor-element elementor-element-a502180 elementor-widget elementor-widget-image\" data-id=\"a502180\" data-element_type=\"widget\" data-e-type=\"widget\" data-widget_type=\"image.default\">\n\t\t\t\t\t\t\t\t\t\t\t\t\t\t\t<img decoding=\"async\" width=\"362\" height=\"326\" src=\"https:\/\/www.sablon-dauberton.com\/wp-content\/uploads\/2021\/11\/matthew-dorbent.jpg\" class=\"attachment-large size-large wp-image-43\" alt=\"\" srcset=\"https:\/\/www.sablon-dauberton.com\/wp-content\/uploads\/2021\/11\/matthew-dorbent.jpg 362w, https:\/\/www.sablon-dauberton.com\/wp-content\/uploads\/2021\/11\/matthew-dorbent-300x270.jpg 300w\" sizes=\"(max-width: 362px) 100vw, 362px\" \/>\t\t\t\t\t\t\t\t\t\t\t\t\t\t\t<\/div>\n\t\t\t\t<\/div>\n\t\t\t\t<div class=\"elementor-element elementor-element-56a34bb elementor-widget elementor-widget-text-editor\" data-id=\"56a34bb\" data-element_type=\"widget\" data-e-type=\"widget\" data-widget_type=\"text-editor.default\">\n\t\t\t\t\t\t\t\t\t<table border=\"0\" width=\"780\" cellspacing=\"0\" cellpadding=\"0\" align=\"center\" bgcolor=\"#FFFFCC\"><tbody><tr><td align=\"center\"><h3 align=\"center\"><b>Ce site relate les m\u00e9faits de l&rsquo;escroc<br \/>Franck SABLON\u00a0 et ses nombreux allias<\/b><\/h3><\/td><\/tr><tr><td><strong>Nous le pistons depuis plus de 20 ans, gr\u00e2ce \u00e0 vos t\u00e9moignages :<\/strong><br \/><strong>Cette lecture vous \u00e9vitera peut-\u00eatre de tomber dans les pi\u00e8ges<\/strong><br \/><strong>de personnages douteux utilisant toujours les m\u00eame m\u00e9thodes :<\/strong><br \/><strong>l&rsquo;escroquerie aux \u00ab\u00a0faux cr\u00e9dit\u00a0\u00bb sous couvert d&rsquo;assurances au Nevada et Delaware (USA)<\/strong><\/td><\/tr><\/tbody><\/table>\t\t\t\t\t\t\t\t<\/div>\n\t\t\t\t\t<\/div>\n\t\t\t\t<\/div>\n\t\t<div class=\"elementor-element elementor-element-525c46e6 e-flex e-con-boxed e-con e-parent\" data-id=\"525c46e6\" data-element_type=\"container\" data-e-type=\"container\">\n\t\t\t\t\t<div class=\"e-con-inner\">\n\t\t\t\t<div class=\"elementor-element elementor-element-6076194e elementor-widget elementor-widget-text-editor\" data-id=\"6076194e\" data-element_type=\"widget\" data-e-type=\"widget\" data-widget_type=\"text-editor.default\">\n\t\t\t\t\t\t\t\t\t<h5 style=\"text-align: center;\">\u00a0<\/h5><h5 style=\"text-align: center;\"><b><\/b><span style=\"color: #990000; font-family: Arial, Helvetica, sans-serif; font-size: small;\"><b><br \/><\/b><\/span>Les allias usurp\u00e9s et fausses identit\u00e9s<br \/>Cet escroc se pr\u00e9sente sous les noms suivants :<\/h5><p><strong>\u00ab\u00a0Henderson\u00a0\u00bb &#8211; \u00ab\u00a0Franck Christophe\u00a0\u00bb &#8211; \u00ab\u00a0Mathieu-Franck Maurice\u00a0\u00bb &#8211; \u00ab\u00a0Gendron\u00a0\u00bb &#8211; <\/strong><strong>\u00ab\u00a0Dewar\u00a0\u00bb &#8211; \u00ab\u00a0Dauberton\u00a0\u00bb &#8211; \u00ab\u00a0Mathieu Franck Sablon-Dauberton\u00a0\u00bb &#8211; \u00ab\u00a0Dorbent\u00a0\u00bb &#8211; \u00ab\u00a0Robertson\u00a0\u00bb<\/strong><span style=\"color: #990000; font-family: Arial, Helvetica, sans-serif; font-size: small;\"><b><br \/><\/b><\/span><\/p><p align=\"left\"><strong>Septembre 2025 : <span style=\"color: #0000ff;\">Le \u00ab\u00a0margoulin\u00a0\u00bb &#8211; Nouveau chapitre !<\/span><\/strong><br \/>Il y avait un petit moment que cet escroc \u00ab\u00a0\u00e0 la petite semaine\u00a0\u00bb n&rsquo;avait pas tent\u00e9 une op\u00e9ration \u00ab\u00a0d&rsquo;envergure\u00a0\u00bb !<\/p><p align=\"left\">L\u00e0, nous avons affaire avec une carambouille portant sur un enchev\u00eatrement et miriade de soci\u00e9t\u00e9s visant un jeune groupe fran\u00e7ais, \u00ab\u00a0<a href=\"https:\/\/www.lyonmag.com\/article\/147549\/groupe-aci-le-tribunal-de-lyon-retire-la-direction-operationnelle-a-philippe-riviere\" target=\"_blank\" rel=\"noopener\">ACI<\/a>\u00ab\u00a0&#8230; Habituel me direz-vous, (pour ceux qui suivent sa triste carri\u00e8re), mais cette fois-ci, il semblerait qu&rsquo;il se soit adjoint un \u00ab\u00a0petit camarade de jeu\u00a0\u00bb dont l&rsquo;histoire embrum\u00e9e est \u00e0 la hauteur de l&rsquo;intrigue.<\/p><p align=\"left\"><strong>Le probl\u00e8me majeur<\/strong> : cet escroc op\u00e9rant cette fois-ci sous le pseudonyme \u00ab\u00a0Mathieu Franck Maurice\u00a0\u00bb, par la pr\u00e9sentation d&rsquo;un soi-disant fond de placement, met en p\u00e9ril <span style=\"color: #800000;\"><strong>1600 salari\u00e9s<\/strong><\/span> du groupe ACI !&#8230; En derni\u00e8re minute, le Tribunal a \u00ab\u00a0d\u00e9pos\u00e9\u00a0\u00bb le Dirigeant actuel, qui a h\u00e9las cru a l\u00a0\u00bbhistoire mont\u00e9e par l&rsquo;escroc, sous le nom de \u00ab\u00a0Fond FORTUNA\u00a0\u00bb.<\/p><p align=\"left\">Une seule chose satisafaisante, le soi-disant fond d&rsquo;investissement va passer sous l&rsquo;oeil de la justice, bien qu&rsquo;il se soit \u00e9galement soi-disant \u00ab\u00a0retir\u00e9\u00a0\u00bb du deal avec ACI !<\/p><p align=\"left\"><a href=\"https:\/\/www.linforme.com\/author\/marion-deye\/\" target=\"_blank\" rel=\"noopener\"><strong>Marion DEYE<\/strong><\/a>, journaliste \u00e0 \u00ab\u00a0l&rsquo;<a href=\"https:\/\/www.linforme.com\/\" target=\"_blank\" rel=\"noopener\"><strong>inform\u00e9<\/strong><\/a>\u00a0\u00bb (<em>journal en ligne<\/em>), a men\u00e9 l&rsquo;enqu\u00eate et tente de d\u00e9m\u00ealer l&rsquo;imbroglio cr\u00e9\u00e9 par L&rsquo;escroc et son accolyte (St\u00e9phane WONG)&#8230;.<\/p><p align=\"left\"><strong>Lire l&rsquo;article :<\/strong><\/p><h1>\u00a0\u00bb <a href=\"https:\/\/www.lyonmag.com\/article\/147549\/groupe-aci-le-tribunal-de-lyon-retire-la-direction-operationnelle-a-philippe-riviere\" target=\"_blank\" rel=\"noopener\">Groupe ACI : les rocambolesques coulisses d\u2019un naufrage<\/a> \u00ab\u00a0<\/h1><hr \/><p>Retrouvez la \u00ab\u00a0triste carri\u00e8re\u00a0\u00bb de l&rsquo;escroc : <a href=\"http:\/\/www.sablon-dauberton.com\/?page_id=52\">L&rsquo;historique<\/a><\/p><p align=\"left\">\u00a0<\/p>\t\t\t\t\t\t\t\t<\/div>\n\t\t\t\t\t<\/div>\n\t\t\t\t<\/div>\n\t\t\t\t<\/div>\n\t\t","protected":false},"excerpt":{"rendered":"<p>Ce site relate les m\u00e9faits de l&rsquo;escroc Franck SABLON\u00a0 et ses nombreux allias Nous le pistons depuis plus de 20 ans, gr\u00e2ce \u00e0 vos t\u00e9moignages : Cette lecture vous \u00e9vitera peut-\u00eatre de tomber dans les pi\u00e8ges de personnages douteux utilisant toujours les m\u00eame m\u00e9thodes : l&rsquo;escroquerie aux \u00ab\u00a0faux cr\u00e9dit\u00a0\u00bb sous couvert d&rsquo;assurances au Nevada et &hellip; <a href=\"https:\/\/www.sablon-dauberton.com\/\" class=\"more-link\">Continuer la lecture de <span class=\"screen-reader-text\">Accueil<\/span><\/a><\/p>\n","protected":false},"author":1,"featured_media":0,"parent":0,"menu_order":0,"comment_status":"closed","ping_status":"open","template":"","meta":{"footnotes":""},"class_list":["post-2","page","type-page","status-publish","hentry"],"_links":{"self":[{"href":"https:\/\/www.sablon-dauberton.com\/index.php?rest_route=\/wp\/v2\/pages\/2","targetHints":{"allow":["GET"]}}],"collection":[{"href":"https:\/\/www.sablon-dauberton.com\/index.php?rest_route=\/wp\/v2\/pages"}],"about":[{"href":"https:\/\/www.sablon-dauberton.com\/index.php?rest_route=\/wp\/v2\/types\/page"}],"author":[{"embeddable":true,"href":"https:\/\/www.sablon-dauberton.com\/index.php?rest_route=\/wp\/v2\/users\/1"}],"replies":[{"embeddable":true,"href":"https:\/\/www.sablon-dauberton.com\/index.php?rest_route=%2Fwp%2Fv2%2Fcomments&post=2"}],"version-history":[{"count":40,"href":"https:\/\/www.sablon-dauberton.com\/index.php?rest_route=\/wp\/v2\/pages\/2\/revisions"}],"predecessor-version":[{"id":75,"href":"https:\/\/www.sablon-dauberton.com\/index.php?rest_route=\/wp\/v2\/pages\/2\/revisions\/75"}],"wp:attachment":[{"href":"https:\/\/www.sablon-dauberton.com\/index.php?rest_route=%2Fwp%2Fv2%2Fmedia&parent=2"}],"curies":[{"name":"wp","href":"https:\/\/api.w.org\/{rel}","templated":true}]}}